{"id":1533,"date":"2024-09-04T14:35:11","date_gmt":"2024-09-04T14:35:11","guid":{"rendered":"https:\/\/www.veif.org\/?page_id=1533"},"modified":"2026-03-05T16:43:12","modified_gmt":"2026-03-05T16:43:12","slug":"resources","status":"publish","type":"page","link":"https:\/\/www.veif.org\/es\/resources\/","title":{"rendered":"Recursos"},"content":{"rendered":"<div data-elementor-type=\"wp-page\" data-elementor-id=\"1533\" class=\"elementor elementor-1533\" data-elementor-post-type=\"page\">\n\t\t\t\t\t\t<section class=\"elementor-section elementor-top-section elementor-element elementor-element-7eb5e271 elementor-section-boxed elementor-section-height-default elementor-section-height-default\" data-id=\"7eb5e271\" data-element_type=\"section\" data-e-type=\"section\">\n\t\t\t\t\t\t<div class=\"elementor-container elementor-column-gap-default\">\n\t\t\t\t\t<div class=\"elementor-column elementor-col-66 elementor-top-column elementor-element elementor-element-2d1f9766\" data-id=\"2d1f9766\" data-element_type=\"column\" data-e-type=\"column\">\n\t\t\t<div class=\"elementor-widget-wrap elementor-element-populated\">\n\t\t\t\t\t\t<div class=\"elementor-element elementor-element-6f815af1 elementor-widget elementor-widget-heading\" data-id=\"6f815af1\" data-element_type=\"widget\" data-e-type=\"widget\" data-widget_type=\"heading.default\">\n\t\t\t\t\t<h1 class=\"elementor-heading-title elementor-size-default\">Recursos para Parroquias<\/h1>\t\t\t\t<\/div>\n\t\t\t\t\t<\/div>\n\t\t<\/div>\n\t\t\t\t<div class=\"elementor-column elementor-col-33 elementor-top-column elementor-element elementor-element-37641276\" data-id=\"37641276\" data-element_type=\"column\" data-e-type=\"column\">\n\t\t\t<div class=\"elementor-widget-wrap elementor-element-populated\">\n\t\t\t\t\t\t<div class=\"elementor-element elementor-element-696e2fec elementor-widget-divider--separator-type-pattern elementor-widget-divider--view-line elementor-widget elementor-widget-divider\" data-id=\"696e2fec\" data-element_type=\"widget\" data-e-type=\"widget\" data-widget_type=\"divider.default\">\n\t\t\t\t\t\t\t<div class=\"elementor-divider\" style=\"--divider-pattern-url: url(&quot;data:image\/svg+xml,%3Csvg xmlns=&#039;http:\/\/www.w3.org\/2000\/svg&#039; preserveAspectRatio=&#039;xMidYMid meet&#039; overflow=&#039;visible&#039; height=&#039;100%&#039; viewBox=&#039;0 0 24 24&#039; fill=&#039;black&#039; stroke=&#039;none&#039;%3E%3Cpath d=&#039;M21.4,9.6h-7.1V2.6c0-0.9-0.7-1.6-1.6-1.6h-1.6c-0.9,0-1.6,0.7-1.6,1.6v7.1H2.6C1.7,9.6,1,10.3,1,11.2v1.6c0,0.9,0.7,1.6,1.6,1.6h7.1v7.1c0,0.9,0.7,1.6,1.6,1.6h1.6c0.9,0,1.6-0.7,1.6-1.6v-7.1h7.1c0.9,0,1.6-0.7,1.6-1.6v-1.6C23,10.3,22.3,9.6,21.4,9.6z&#039;\/%3E%3C\/svg%3E&quot;);\">\n\t\t\t<span class=\"elementor-divider-separator\">\n\t\t\t\t\t\t<\/span>\n\t\t<\/div>\n\t\t\t\t\t\t<\/div>\n\t\t\t\t\t<\/div>\n\t\t<\/div>\n\t\t\t\t\t<\/div>\n\t\t<\/section>\n\t\t\t\t<section class=\"elementor-section elementor-top-section elementor-element elementor-element-46e5116b elementor-section-boxed elementor-section-height-default elementor-section-height-default\" data-id=\"46e5116b\" data-element_type=\"section\" data-e-type=\"section\">\n\t\t\t\t\t\t<div class=\"elementor-container elementor-column-gap-wider\">\n\t\t\t\t\t<div class=\"elementor-column elementor-col-50 elementor-top-column elementor-element elementor-element-24837d97\" data-id=\"24837d97\" data-element_type=\"column\" data-e-type=\"column\">\n\t\t\t<div class=\"elementor-widget-wrap elementor-element-populated\">\n\t\t\t\t\t\t<div class=\"elementor-element elementor-element-2f1ad95e elementor-widget elementor-widget-heading\" data-id=\"2f1ad95e\" data-element_type=\"widget\" data-e-type=\"widget\" data-widget_type=\"heading.default\">\n\t\t\t\t\t<h2 class=\"elementor-heading-title elementor-size-default\">Administraci\u00f3n<\/h2>\t\t\t\t<\/div>\n\t\t\t\t<div class=\"elementor-element elementor-element-76d1872a elementor-widget elementor-widget-text-editor\" data-id=\"76d1872a\" data-element_type=\"widget\" data-e-type=\"widget\" data-widget_type=\"text-editor.default\">\n\t\t\t\t\t\t\t\t\t<p><strong>El equipo de administraci\u00f3n y desarrollo de la Di\u00f3cesis Episcopal de Virginia<\/strong> tiene una gran cantidad de recursos para guiarlo a trav\u00e9s del vibrante y atractivo ministerio de la generosidad.<\/p>\t\t\t\t\t\t\t\t<\/div>\n\t\t\t\t<div class=\"elementor-element elementor-element-73500d39 elementor-widget elementor-widget-text-editor\" data-id=\"73500d39\" data-element_type=\"widget\" data-e-type=\"widget\" data-widget_type=\"text-editor.default\">\n\t\t\t\t\t\t\t\t\t<p>Aqu\u00ed puede encontrar una fuente completa de programas de donaciones anuales gratuitos y listos para usar, as\u00ed como inspiraci\u00f3n creativa:<\/p><p><a href=\"https:\/\/episcopalvirginia.org\/resources\/administration\/stewardship\/annual-giving\/\" target=\"_blank\" rel=\"noopener\"><strong><i class=\"fas fa-external-link-alt\" aria-hidden=\"true\"><\/i> Donaciones Anuales<\/strong> \u2013 La Di\u00f3cesis Episcopal de Virginia (episcopalvirginia.org)<\/a><\/p>\t\t\t\t\t\t\t\t<\/div>\n\t\t\t\t<div class=\"elementor-element elementor-element-2b777f8 elementor-widget elementor-widget-text-editor\" data-id=\"2b777f8\" data-element_type=\"widget\" data-e-type=\"widget\" data-widget_type=\"text-editor.default\">\n\t\t\t\t\t\t\t\t\t<p><a href=\"https:\/\/www.veif.org\/es\/webinar-stewardship-of-historic-churches\/\"><strong>Seminario web \"Administraci\u00f3n de iglesias hist\u00f3ricas\"<\/strong><\/a><\/p>\t\t\t\t\t\t\t\t<\/div>\n\t\t\t\t<div class=\"elementor-element elementor-element-343335b4 elementor-widget elementor-widget-text-editor\" data-id=\"343335b4\" data-element_type=\"widget\" data-e-type=\"widget\" data-widget_type=\"text-editor.default\">\n\t\t\t\t\t\t\t\t\t<p>Aqu\u00ed se puede encontrar una biblioteca de seminarios web completos sobre generosidad y donaciones, as\u00ed como seminarios breves sobre temas espec\u00edficos como \u201cLa administraci\u00f3n comienza\u201d:<\/p><p><a href=\"https:\/\/episcopalvirginia.org\/resources\/administration\/stewardship\/webinars\/\" target=\"_blank\" rel=\"noopener\"><strong><i class=\"fas fa-external-link-alt\" aria-hidden=\"true\"><\/i> Seminarios web<\/strong> \u2013 La Di\u00f3cesis Episcopal de Virginia (episcopalvirginia.org)<\/a><\/p>\t\t\t\t\t\t\t\t<\/div>\n\t\t\t\t<div class=\"elementor-element elementor-element-22b0b765 elementor-widget elementor-widget-text-editor\" data-id=\"22b0b765\" data-element_type=\"widget\" data-e-type=\"widget\" data-widget_type=\"text-editor.default\">\n\t\t\t\t\t\t\t\t\t<p>\u00bfQuieres aprender m\u00e1s sobre las donaciones digitales y ver cu\u00e1les son las tendencias?<\/p><p><a href=\"https:\/\/episcopalvirginia.org\/resources\/administration\/stewardship\/digital-giving\/\" target=\"_blank\" rel=\"noopener\"><strong><i class=\"fas fa-external-link-alt\" aria-hidden=\"true\"><\/i> Donaciones Digitales<\/strong> \u2013 La Di\u00f3cesis Episcopal de Virginia (episcopalvirginia.org)<\/a><\/p>\t\t\t\t\t\t\t\t<\/div>\n\t\t\t\t<div class=\"elementor-element elementor-element-5ae6fff3 elementor-widget elementor-widget-text-editor\" data-id=\"5ae6fff3\" data-element_type=\"widget\" data-e-type=\"widget\" data-widget_type=\"text-editor.default\">\n\t\t\t\t\t\t\t\t\t<p>Explore las posibilidades para los ministerios actuales y futuros de su iglesia con los recursos de donaciones planificadas:<\/p><p><a href=\"https:\/\/episcopalvirginia.org\/resources\/administration\/stewardship\/planned-giving\/\" target=\"_blank\" rel=\"noopener\"><strong><i class=\"fas fa-external-link-alt\" aria-hidden=\"true\"><\/i> Donaciones Planificadas<\/strong> \u2013 La Di\u00f3cesis Episcopal de Virginia (episcopalvirginia.org)<\/a><\/p>\t\t\t\t\t\t\t\t<\/div>\n\t\t\t\t<div class=\"elementor-element elementor-element-4161b10e elementor-widget elementor-widget-text-editor\" data-id=\"4161b10e\" data-element_type=\"widget\" data-e-type=\"widget\" data-widget_type=\"text-editor.default\">\n\t\t\t\t\t\t\t\t\t<p>Emily Davis<br \/><em>Interim Director of Development<\/em><br \/><a href=\"mailto:emdavis@episcopalvirginia.org\">emdavis@episcopalvirginia.org<\/a><\/p>\t\t\t\t\t\t\t\t<\/div>\n\t\t\t\t\t<\/div>\n\t\t<\/div>\n\t\t\t\t<div class=\"elementor-column elementor-col-50 elementor-top-column elementor-element elementor-element-4b1363e9\" data-id=\"4b1363e9\" data-element_type=\"column\" data-e-type=\"column\">\n\t\t\t<div class=\"elementor-widget-wrap elementor-element-populated\">\n\t\t\t\t\t\t<div class=\"elementor-element elementor-element-2efac7d0 elementor-widget elementor-widget-heading\" data-id=\"2efac7d0\" data-element_type=\"widget\" data-e-type=\"widget\" data-widget_type=\"heading.default\">\n\t\t\t\t\t<h2 class=\"elementor-heading-title elementor-size-default\">Pr\u00e9stamos a Bajo Inter\u00e9s<\/h2>\t\t\t\t<\/div>\n\t\t\t\t<div class=\"elementor-element elementor-element-7137d2ad elementor-widget elementor-widget-text-editor\" data-id=\"7137d2ad\" data-element_type=\"widget\" data-e-type=\"widget\" data-widget_type=\"text-editor.default\">\n\t\t\t\t\t\t\t\t\t<p><strong>La Sociedad Misionera Diocesana (DMS)<\/strong> se estableci\u00f3 para comprar y recibir bienes ra\u00edces, mantener y administrar propiedades y desarrollar varios programas de apoyo para la extensi\u00f3n del trabajo misionero de la Di\u00f3cesis de Virginia.<\/p>\n<p>DMS dispone de fondos para pr\u00e9stamos a corto y largo plazo. Las tasas de estos pr\u00e9stamos generalmente se basan en la tasa preferencial. Cont\u00e1ctenos para obtener m\u00e1s informaci\u00f3n.<\/p>\n<p>Para obtener informaci\u00f3n adicional, incluidas las tarifas, comun\u00edquese con el administrador comercial en <a href=\"mailto:dmsadmin@episcopalvirginia.org\">dmsadmin@episcopalvirginia.org.<\/a><\/p>\t\t\t\t\t\t\t\t<\/div>\n\t\t\t\t\t<\/div>\n\t\t<\/div>\n\t\t\t\t\t<\/div>\n\t\t<\/section>\n\t\t\t\t<section class=\"elementor-section elementor-top-section elementor-element elementor-element-60c0f606 elementor-section-boxed elementor-section-height-default elementor-section-height-default\" data-id=\"60c0f606\" data-element_type=\"section\" data-e-type=\"section\">\n\t\t\t\t\t\t<div class=\"elementor-container elementor-column-gap-default\">\n\t\t\t\t\t<div class=\"elementor-column elementor-col-100 elementor-top-column elementor-element elementor-element-69be6f87\" data-id=\"69be6f87\" data-element_type=\"column\" data-e-type=\"column\">\n\t\t\t<div class=\"elementor-widget-wrap elementor-element-populated\">\n\t\t\t\t\t\t<div class=\"elementor-element elementor-element-70d57805 elementor-widget elementor-widget-spacer\" data-id=\"70d57805\" data-element_type=\"widget\" data-e-type=\"widget\" data-widget_type=\"spacer.default\">\n\t\t\t\t\t\t\t<div class=\"elementor-spacer\">\n\t\t\t<div class=\"elementor-spacer-inner\"><\/div>\n\t\t<\/div>\n\t\t\t\t\t\t<\/div>\n\t\t\t\t\t<\/div>\n\t\t<\/div>\n\t\t\t\t\t<\/div>\n\t\t<\/section>\n\t\t\t\t<\/div>","protected":false},"excerpt":{"rendered":"<p>Resources for Parishes Stewardship The Episcopal Diocese of Virginia\u2019s stewardship and development team has a wealth of resources to guide you through the vibrant and engaging ministry of generosity. A comprehensive source of free, turn-key annual giving programs and creative inspiration can be found here: Annual Giving &#8211; The Episcopal Diocese of Virginia (episcopalvirginia.org) Stewardship [&hellip;]<\/p>\n","protected":false},"author":1,"featured_media":0,"parent":0,"menu_order":0,"comment_status":"closed","ping_status":"closed","template":"","meta":{"footnotes":""},"class_list":["post-1533","page","type-page","status-publish","hentry"],"_links":{"self":[{"href":"https:\/\/www.veif.org\/es\/wp-json\/wp\/v2\/pages\/1533","targetHints":{"allow":["GET"]}}],"collection":[{"href":"https:\/\/www.veif.org\/es\/wp-json\/wp\/v2\/pages"}],"about":[{"href":"https:\/\/www.veif.org\/es\/wp-json\/wp\/v2\/types\/page"}],"author":[{"embeddable":true,"href":"https:\/\/www.veif.org\/es\/wp-json\/wp\/v2\/users\/1"}],"replies":[{"embeddable":true,"href":"https:\/\/www.veif.org\/es\/wp-json\/wp\/v2\/comments?post=1533"}],"version-history":[{"count":28,"href":"https:\/\/www.veif.org\/es\/wp-json\/wp\/v2\/pages\/1533\/revisions"}],"predecessor-version":[{"id":2416,"href":"https:\/\/www.veif.org\/es\/wp-json\/wp\/v2\/pages\/1533\/revisions\/2416"}],"wp:attachment":[{"href":"https:\/\/www.veif.org\/es\/wp-json\/wp\/v2\/media?parent=1533"}],"curies":[{"name":"wp","href":"https:\/\/api.w.org\/{rel}","templated":true}]}}